{"id":2377,"date":"2018-05-08T11:19:14","date_gmt":"2018-05-08T09:19:14","guid":{"rendered":"https:\/\/www.treske.de\/?page_id=2377"},"modified":"2018-06-26T08:17:46","modified_gmt":"2018-06-26T06:17:46","slug":"gummi-klemmprofile","status":"publish","type":"page","link":"https:\/\/www.treske.de\/?page_id=2377","title":{"rendered":"Gummi-Klemmprofile"},"content":{"rendered":"<p>Klemmprofile (EPDM) werden f\u00fcr feststehende Verglasungen verwendet.<br \/>\nKlemmprofilabbildung mit Glasaufnahme (Ma\u00df A) nach oben und Falzaufnahme (Ma\u00df B) nach unten zeigend.<br \/>\n<img loading=\"lazy\" decoding=\"async\" src=\"https:\/\/www.treske.de\/wp-content\/uploads\/idt206974-169x300.jpg\" alt=\"\" width=\"169\" height=\"300\" class=\"alignnone size-medium wp-image-2771\" \/><\/p>\n\n<table id=\"tablepress-149\" class=\"tablepress tablepress-id-149 tbody-has-connected-cells\">\n<thead>\n<tr class=\"row-1\">\n\t<th colspan=\"3\" class=\"column-1\">Gummi-Klemmprofil<\/th><td class=\"column-4\"><\/td><td class=\"column-5\"><\/td><td class=\"column-6\"><\/td><td class=\"column-7\"><\/td><td class=\"column-8\"><\/td><td class=\"column-9\"><\/td><td class=\"column-10\"><\/td>\n<\/tr>\n<\/thead>\n<tbody class=\"row-striping row-hover\">\n<tr class=\"row-2\">\n\t<td rowspan=\"2\" class=\"column-1\">Artikel-Nr.<\/td><td class=\"column-2\"><\/td><td class=\"column-3\"><\/td><td colspan=\"2\" class=\"column-4\">Ma\u00dfe in mm<\/td><td class=\"column-6\"><\/td><td class=\"column-7\"><\/td><td rowspan=\"2\" class=\"column-8\">Bund<\/td><td rowspan=\"2\" class=\"column-9\">F\u00fcller<\/td><td class=\"column-10\"><\/td>\n<\/tr>\n<tr class=\"row-3\">\n\t<td class=\"column-2\">A<\/td><td class=\"column-3\">B<\/td><td class=\"column-4\">C<\/td><td class=\"column-5\">D<\/td><td class=\"column-6\">E<\/td><td class=\"column-7\">F<\/td><td class=\"column-10\"><\/td>\n<\/tr>\n<tr class=\"row-4\">\n\t<td class=\"column-1\">291134<\/td><td class=\"column-2\">2,5<\/td><td class=\"column-3\">1,5<\/td><td class=\"column-4\">7<\/td><td class=\"column-5\">16<\/td><td class=\"column-6\">7<\/td><td class=\"column-7\">7<\/td><td class=\"column-8\">15<\/td><td class=\"column-9\">3<\/td><td class=\"column-10\"><\/td>\n<\/tr>\n<tr class=\"row-5\">\n\t<td class=\"column-1\">291112<\/td><td class=\"column-2\">3<\/td><td class=\"column-3\">1<\/td><td class=\"column-4\">4<\/td><td class=\"column-5\">11,6<\/td><td class=\"column-6\">4,5<\/td><td class=\"column-7\">6<\/td><td class=\"column-8\">20<\/td><td class=\"column-9\">2<\/td><td class=\"column-10\"><\/td>\n<\/tr>\n<tr class=\"row-6\">\n\t<td class=\"column-1\">291179<\/td><td class=\"column-2\">3<\/td><td class=\"column-3\">2<\/td><td class=\"column-4\">4<\/td><td class=\"column-5\">10,2<\/td><td class=\"column-6\">3<\/td><td class=\"column-7\">3<\/td><td class=\"column-8\">50<\/td><td class=\"column-9\">1<\/td><td class=\"column-10\"><\/td>\n<\/tr>\n<tr class=\"row-7\">\n\t<td class=\"column-1\">291115<\/td><td class=\"column-2\">4<\/td><td class=\"column-3\">1,5<\/td><td class=\"column-4\">7<\/td><td class=\"column-5\">16<\/td><td class=\"column-6\">7<\/td><td class=\"column-7\">7<\/td><td class=\"column-8\">20<\/td><td class=\"column-9\">2<\/td><td class=\"column-10\"><\/td>\n<\/tr>\n<tr class=\"row-8\">\n\t<td class=\"column-1\">291118<\/td><td class=\"column-2\">4<\/td><td class=\"column-3\">1,5<\/td><td class=\"column-4\">7<\/td><td class=\"column-5\">16<\/td><td class=\"column-6\">7<\/td><td class=\"column-7\">7<\/td><td class=\"column-8\">20<\/td><td class=\"column-9\">3<\/td><td class=\"column-10\"><\/td>\n<\/tr>\n<tr class=\"row-9\">\n\t<td class=\"column-1\">291107<\/td><td class=\"column-2\">4<\/td><td class=\"column-3\">2<\/td><td class=\"column-4\">7,3<\/td><td class=\"column-5\">18<\/td><td class=\"column-6\">11<\/td><td class=\"column-7\">8,7<\/td><td class=\"column-8\">15<\/td><td class=\"column-9\">3<\/td><td class=\"column-10\"><\/td>\n<\/tr>\n<tr class=\"row-10\">\n\t<td class=\"column-1\">291216<\/td><td class=\"column-2\">4<\/td><td class=\"column-3\">3<\/td><td class=\"column-4\">7<\/td><td class=\"column-5\">16<\/td><td class=\"column-6\">7<\/td><td class=\"column-7\">7<\/td><td class=\"column-8\">20<\/td><td class=\"column-9\">3<\/td><td class=\"column-10\"><\/td>\n<\/tr>\n<tr class=\"row-11\">\n\t<td class=\"column-1\">291279<\/td><td class=\"column-2\">4<\/td><td class=\"column-3\">3<\/td><td class=\"column-4\">4<\/td><td class=\"column-5\">12,6<\/td><td class=\"column-6\">5<\/td><td class=\"column-7\">6<\/td><td class=\"column-8\">25<\/td><td class=\"column-9\">2<\/td><td class=\"column-10\"><\/td>\n<\/tr>\n<tr class=\"row-12\">\n\t<td class=\"column-1\">291241<\/td><td class=\"column-2\">4<\/td><td class=\"column-3\">4<\/td><td class=\"column-4\">7,5<\/td><td class=\"column-5\">18<\/td><td class=\"column-6\">7,5<\/td><td class=\"column-7\">8<\/td><td class=\"column-8\">15<\/td><td class=\"column-9\">3<\/td><td class=\"column-10\"><\/td>\n<\/tr>\n<tr class=\"row-13\">\n\t<td class=\"column-1\">291246<\/td><td class=\"column-2\">4,5<\/td><td class=\"column-3\">5<\/td><td class=\"column-4\">7<\/td><td class=\"column-5\">16<\/td><td class=\"column-6\">7<\/td><td class=\"column-7\">7<\/td><td class=\"column-8\">20<\/td><td class=\"column-9\">3<\/td><td class=\"column-10\"><\/td>\n<\/tr>\n<tr class=\"row-14\">\n\t<td class=\"column-1\">291113<\/td><td class=\"column-2\">5<\/td><td class=\"column-3\">2<\/td><td class=\"column-4\">7,5<\/td><td class=\"column-5\">19<\/td><td class=\"column-6\">12,5<\/td><td class=\"column-7\">9,5<\/td><td class=\"column-8\">15<\/td><td class=\"column-9\">3<\/td><td class=\"column-10\"><\/td>\n<\/tr>\n<tr class=\"row-15\">\n\t<td class=\"column-1\">291202<\/td><td class=\"column-2\">5<\/td><td class=\"column-3\">3<\/td><td class=\"column-4\">7,5<\/td><td class=\"column-5\">18<\/td><td class=\"column-6\">7,5<\/td><td class=\"column-7\">8<\/td><td class=\"column-8\">20<\/td><td class=\"column-9\">3<\/td><td class=\"column-10\"><\/td>\n<\/tr>\n<tr class=\"row-16\">\n\t<td class=\"column-1\">291014<\/td><td class=\"column-2\">5<\/td><td class=\"column-3\">3<\/td><td class=\"column-4\">7,5<\/td><td class=\"column-5\">19<\/td><td class=\"column-6\">12,5<\/td><td class=\"column-7\">9,5<\/td><td class=\"column-8\">15<\/td><td class=\"column-9\">3<\/td><td class=\"column-10\"><\/td>\n<\/tr>\n<tr class=\"row-17\">\n\t<td class=\"column-1\">291123<\/td><td class=\"column-2\">5<\/td><td class=\"column-3\">5<\/td><td class=\"column-4\">7<\/td><td class=\"column-5\">18,4<\/td><td class=\"column-6\">9<\/td><td class=\"column-7\">8<\/td><td class=\"column-8\">20<\/td><td class=\"column-9\">3<\/td><td class=\"column-10\"><\/td>\n<\/tr>\n<tr class=\"row-18\">\n\t<td class=\"column-1\">291019<\/td><td class=\"column-2\">5,5<\/td><td class=\"column-3\">2<\/td><td class=\"column-4\">7,3<\/td><td class=\"column-5\">19<\/td><td class=\"column-6\">11<\/td><td class=\"column-7\">8,7<\/td><td class=\"column-8\">15<\/td><td class=\"column-9\">3<\/td><td class=\"column-10\"><\/td>\n<\/tr>\n<tr class=\"row-19\">\n\t<td class=\"column-1\">291221<\/td><td class=\"column-2\">6<\/td><td class=\"column-3\">1,5<\/td><td class=\"column-4\">7,5<\/td><td class=\"column-5\">19<\/td><td class=\"column-6\">12,5<\/td><td class=\"column-7\">9,5<\/td><td class=\"column-8\">15<\/td><td class=\"column-9\">3<\/td><td class=\"column-10\"><\/td>\n<\/tr>\n<tr class=\"row-20\">\n\t<td class=\"column-1\">291020<\/td><td class=\"column-2\">6<\/td><td class=\"column-3\">2,5<\/td><td class=\"column-4\">7<\/td><td class=\"column-5\">19<\/td><td class=\"column-6\">8<\/td><td class=\"column-7\">8<\/td><td class=\"column-8\">20<\/td><td class=\"column-9\">3<\/td><td class=\"column-10\"><\/td>\n<\/tr>\n<tr class=\"row-21\">\n\t<td class=\"column-1\">291203<\/td><td class=\"column-2\">6<\/td><td class=\"column-3\">3<\/td><td class=\"column-4\">7,5<\/td><td class=\"column-5\">19<\/td><td class=\"column-6\">12,5<\/td><td class=\"column-7\">9,5<\/td><td class=\"column-8\">15<\/td><td class=\"column-9\">3<\/td><td class=\"column-10\"><\/td>\n<\/tr>\n<tr class=\"row-22\">\n\t<td class=\"column-1\">291245<\/td><td class=\"column-2\">6<\/td><td class=\"column-3\">4<\/td><td class=\"column-4\">7,5<\/td><td class=\"column-5\">19<\/td><td class=\"column-6\">12,5<\/td><td class=\"column-7\">9,5<\/td><td class=\"column-8\">15<\/td><td class=\"column-9\">3<\/td><td class=\"column-10\"><\/td>\n<\/tr>\n<tr class=\"row-23\">\n\t<td class=\"column-1\">291103<\/td><td class=\"column-2\">6<\/td><td class=\"column-3\">6<\/td><td class=\"column-4\">8,5<\/td><td class=\"column-5\">19<\/td><td class=\"column-6\">9,5<\/td><td class=\"column-7\">9<\/td><td class=\"column-8\">15<\/td><td class=\"column-9\">3<\/td><td class=\"column-10\"><\/td>\n<\/tr>\n<tr class=\"row-24\">\n\t<td class=\"column-1\">291111<\/td><td class=\"column-2\">6,5<\/td><td class=\"column-3\">3,5<\/td><td class=\"column-4\">7,5<\/td><td class=\"column-5\">18<\/td><td class=\"column-6\">7,5<\/td><td class=\"column-7\">8<\/td><td class=\"column-8\">15<\/td><td class=\"column-9\">3<\/td><td class=\"column-10\"><\/td>\n<\/tr>\n<tr class=\"row-25\">\n\t<td class=\"column-1\">291139<\/td><td class=\"column-2\">8<\/td><td class=\"column-3\">3<\/td><td class=\"column-4\">7,5<\/td><td class=\"column-5\">22<\/td><td class=\"column-6\">12,5<\/td><td class=\"column-7\">9,5<\/td><td class=\"column-8\">15<\/td><td class=\"column-9\">3<\/td><td class=\"column-10\"><\/td>\n<\/tr>\n<tr class=\"row-26\">\n\t<td class=\"column-1\">291204<\/td><td class=\"column-2\">8<\/td><td class=\"column-3\">4<\/td><td class=\"column-4\">8,5<\/td><td class=\"column-5\">25<\/td><td class=\"column-6\">12,5<\/td><td class=\"column-7\">10<\/td><td class=\"column-8\">15<\/td><td class=\"column-9\">3<\/td><td class=\"column-10\"><\/td>\n<\/tr>\n<tr class=\"row-27\">\n\t<td class=\"column-1\">291237<\/td><td class=\"column-2\">10<\/td><td class=\"column-3\">6<\/td><td class=\"column-4\">7,5<\/td><td class=\"column-5\">24<\/td><td class=\"column-6\">12,5<\/td><td class=\"column-7\">9,5<\/td><td class=\"column-8\">15<\/td><td class=\"column-9\">3<\/td><td class=\"column-10\"><\/td>\n<\/tr>\n<\/tbody>\n<\/table>\n<!-- #tablepress-149 from cache -->\n<p><strong>F\u00fcllprofile f\u00fcr Gummiklemmprofile<\/strong><\/p>\n\n<table id=\"tablepress-159\" class=\"tablepress tablepress-id-159\">\n<thead>\n<tr class=\"row-1\">\n\t<th class=\"column-1\">Artikel<\/th><th class=\"column-2\">Gr\u00f6\u00dfe<\/th><th class=\"column-3\">B<\/th><th class=\"column-4\">H<\/th><th class=\"column-5\">Qualit\u00e4t<\/th><th class=\"column-6\">Bundl\u00e4nge in m<\/th>\n<\/tr>\n<\/thead>\n<tbody class=\"row-striping row-hover\">\n<tr class=\"row-2\">\n\t<td class=\"column-1\">291342<\/td><td class=\"column-2\">1<\/td><td class=\"column-3\">4,5<\/td><td class=\"column-4\">5,5<\/td><td class=\"column-5\">EPDM<\/td><td class=\"column-6\">50<\/td>\n<\/tr>\n<tr class=\"row-3\">\n\t<td class=\"column-1\">291379<\/td><td class=\"column-2\">2<\/td><td class=\"column-3\">6,0<\/td><td class=\"column-4\">7,0<\/td><td class=\"column-5\">EPDM<\/td><td class=\"column-6\">50<\/td>\n<\/tr>\n<tr class=\"row-4\">\n\t<td class=\"column-1\">291124<\/td><td class=\"column-2\">3<\/td><td class=\"column-3\">7,5<\/td><td class=\"column-4\">9,5<\/td><td class=\"column-5\">EPDM<\/td><td class=\"column-6\">50<\/td>\n<\/tr>\n<\/tbody>\n<\/table>\n<!-- #tablepress-159 from cache -->\n","protected":false},"excerpt":{"rendered":"<p>Klemmprofile (EPDM) werden f\u00fcr feststehende Verglasungen verwendet. Klemmprofilabbildung mit Glasaufnahme (Ma\u00df A) nach oben und Falzaufnahme (Ma\u00df B) nach unten zeigend. F\u00fcllprofile f\u00fcr Gummiklemmprofile<\/p>\n","protected":false},"author":6,"featured_media":0,"parent":625,"menu_order":0,"comment_status":"closed","ping_status":"closed","template":"","meta":{"_genesis_hide_title":false,"_genesis_hide_breadcrumbs":false,"_genesis_hide_singular_image":false,"_genesis_hide_footer_widgets":false,"_genesis_custom_body_class":"","_genesis_custom_post_class":"","_genesis_layout":"","footnotes":""},"class_list":{"0":"post-2377","1":"page","2":"type-page","3":"status-publish","5":"entry"},"_links":{"self":[{"href":"https:\/\/www.treske.de\/index.php?rest_route=\/wp\/v2\/pages\/2377","targetHints":{"allow":["GET"]}}],"collection":[{"href":"https:\/\/www.treske.de\/index.php?rest_route=\/wp\/v2\/pages"}],"about":[{"href":"https:\/\/www.treske.de\/index.php?rest_route=\/wp\/v2\/types\/page"}],"author":[{"embeddable":true,"href":"https:\/\/www.treske.de\/index.php?rest_route=\/wp\/v2\/users\/6"}],"replies":[{"embeddable":true,"href":"https:\/\/www.treske.de\/index.php?rest_route=%2Fwp%2Fv2%2Fcomments&post=2377"}],"version-history":[{"count":15,"href":"https:\/\/www.treske.de\/index.php?rest_route=\/wp\/v2\/pages\/2377\/revisions"}],"predecessor-version":[{"id":2776,"href":"https:\/\/www.treske.de\/index.php?rest_route=\/wp\/v2\/pages\/2377\/revisions\/2776"}],"up":[{"embeddable":true,"href":"https:\/\/www.treske.de\/index.php?rest_route=\/wp\/v2\/pages\/625"}],"wp:attachment":[{"href":"https:\/\/www.treske.de\/index.php?rest_route=%2Fwp%2Fv2%2Fmedia&parent=2377"}],"curies":[{"name":"wp","href":"https:\/\/api.w.org\/{rel}","templated":true}]}}