{"id":3087,"date":"2019-09-18T05:57:03","date_gmt":"2019-09-18T03:57:03","guid":{"rendered":"https:\/\/www.treske.de\/?page_id=3087"},"modified":"2019-12-19T13:01:53","modified_gmt":"2019-12-19T12:01:53","slug":"dichtungen","status":"publish","type":"page","link":"https:\/\/www.treske.de\/?page_id=3087","title":{"rendered":"Dichtungen"},"content":{"rendered":"<p>Sie sind auf der Suche nach der passenden Dichtung ist gr\u00f6\u00dferen Mengen?<\/p>\n<p>Dann sind Sie bei uns genau richtig!<\/p>\n<p>Wir k\u00f6nnen Ihnen Dichtungen aus Silikon, Gummi und diversen Zelligen Materialien fertigen.<\/p>\n<p>Daf\u00fcr ben\u00f6tigen wir nur die Ma\u00dfe und das Material.<\/p>\n<p>Sollte Sie jedoch nicht wissen welches Material daf\u00fcr geeignet ist, schreiben Sie uns einfach den Einsatzort in die Anfrage und wir helfen Ihnen dabei.<\/p>\n<p>&nbsp;<\/p>\n","protected":false},"excerpt":{"rendered":"<p>Sie sind auf der Suche nach der passenden Dichtung ist gr\u00f6\u00dferen Mengen? Dann sind Sie bei uns genau richtig! Wir k\u00f6nnen Ihnen Dichtungen aus Silikon, Gummi und diversen Zelligen Materialien fertigen. Daf\u00fcr ben\u00f6tigen wir nur die Ma\u00dfe und das Material. Sollte Sie jedoch nicht wissen welches Material daf\u00fcr geeignet ist, schreiben Sie uns einfach den [&hellip;]<\/p>\n","protected":false},"author":6,"featured_media":3566,"parent":575,"menu_order":0,"comment_status":"closed","ping_status":"closed","template":"","meta":{"_genesis_hide_title":false,"_genesis_hide_breadcrumbs":false,"_genesis_hide_singular_image":false,"_genesis_hide_footer_widgets":false,"_genesis_custom_body_class":"","_genesis_custom_post_class":"","_genesis_layout":"","footnotes":""},"class_list":{"0":"post-3087","1":"page","2":"type-page","3":"status-publish","4":"has-post-thumbnail","6":"entry"},"_links":{"self":[{"href":"https:\/\/www.treske.de\/index.php?rest_route=\/wp\/v2\/pages\/3087","targetHints":{"allow":["GET"]}}],"collection":[{"href":"https:\/\/www.treske.de\/index.php?rest_route=\/wp\/v2\/pages"}],"about":[{"href":"https:\/\/www.treske.de\/index.php?rest_route=\/wp\/v2\/types\/page"}],"author":[{"embeddable":true,"href":"https:\/\/www.treske.de\/index.php?rest_route=\/wp\/v2\/users\/6"}],"replies":[{"embeddable":true,"href":"https:\/\/www.treske.de\/index.php?rest_route=%2Fwp%2Fv2%2Fcomments&post=3087"}],"version-history":[{"count":1,"href":"https:\/\/www.treske.de\/index.php?rest_route=\/wp\/v2\/pages\/3087\/revisions"}],"predecessor-version":[{"id":3088,"href":"https:\/\/www.treske.de\/index.php?rest_route=\/wp\/v2\/pages\/3087\/revisions\/3088"}],"up":[{"embeddable":true,"href":"https:\/\/www.treske.de\/index.php?rest_route=\/wp\/v2\/pages\/575"}],"wp:featuredmedia":[{"embeddable":true,"href":"https:\/\/www.treske.de\/index.php?rest_route=\/wp\/v2\/media\/3566"}],"wp:attachment":[{"href":"https:\/\/www.treske.de\/index.php?rest_route=%2Fwp%2Fv2%2Fmedia&parent=3087"}],"curies":[{"name":"wp","href":"https:\/\/api.w.org\/{rel}","templated":true}]}}