{"id":3100,"date":"2019-09-23T09:18:06","date_gmt":"2019-09-23T07:18:06","guid":{"rendered":"https:\/\/www.treske.de\/?page_id=3100"},"modified":"2019-09-30T12:18:02","modified_gmt":"2019-09-30T10:18:02","slug":"moosgummi","status":"publish","type":"page","link":"https:\/\/www.treske.de\/?page_id=3100","title":{"rendered":"Moosgummi"},"content":{"rendered":"<p>Moosgummi besitzt eine \u00fcberwiegend offenzellige Struktur.<br \/>\nAufgrund Ihrer formgebenden Haut ist es gas- und fl\u00fcssigkeitsresistent.<br \/>\nEs besitzt eine hohe Druckelastizit\u00e4t und ein besonders gutes R\u00fcckstellungsverm\u00f6gen<br \/>\nDas Profil schmiegt sich auch unter leichtem Druck sofort fest an alle umgebenden W\u00e4nde an und dichtet.\u00a0Moosgummi ist selbstklebend ausr\u00fcstbar. Erh\u00e4ltlich ist Moosgummi in verschiedenen Qualit\u00e4ten; NR, EPDM, CR und NBR.<\/p>\n","protected":false},"excerpt":{"rendered":"<p>Moosgummi besitzt eine \u00fcberwiegend offenzellige Struktur. Aufgrund Ihrer formgebenden Haut ist es gas- und fl\u00fcssigkeitsresistent. Es besitzt eine hohe Druckelastizit\u00e4t und ein besonders gutes R\u00fcckstellungsverm\u00f6gen Das Profil schmiegt sich auch unter leichtem Druck sofort fest an alle umgebenden W\u00e4nde an und dichtet.\u00a0Moosgummi ist selbstklebend ausr\u00fcstbar. Erh\u00e4ltlich ist Moosgummi in verschiedenen Qualit\u00e4ten; NR, EPDM, CR und [&hellip;]<\/p>\n","protected":false},"author":6,"featured_media":0,"parent":3094,"menu_order":0,"comment_status":"closed","ping_status":"closed","template":"","meta":{"_genesis_hide_title":false,"_genesis_hide_breadcrumbs":false,"_genesis_hide_singular_image":false,"_genesis_hide_footer_widgets":false,"_genesis_custom_body_class":"","_genesis_custom_post_class":"","_genesis_layout":"","footnotes":""},"class_list":{"0":"post-3100","1":"page","2":"type-page","3":"status-publish","5":"entry"},"_links":{"self":[{"href":"https:\/\/www.treske.de\/index.php?rest_route=\/wp\/v2\/pages\/3100","targetHints":{"allow":["GET"]}}],"collection":[{"href":"https:\/\/www.treske.de\/index.php?rest_route=\/wp\/v2\/pages"}],"about":[{"href":"https:\/\/www.treske.de\/index.php?rest_route=\/wp\/v2\/types\/page"}],"author":[{"embeddable":true,"href":"https:\/\/www.treske.de\/index.php?rest_route=\/wp\/v2\/users\/6"}],"replies":[{"embeddable":true,"href":"https:\/\/www.treske.de\/index.php?rest_route=%2Fwp%2Fv2%2Fcomments&post=3100"}],"version-history":[{"count":3,"href":"https:\/\/www.treske.de\/index.php?rest_route=\/wp\/v2\/pages\/3100\/revisions"}],"predecessor-version":[{"id":3116,"href":"https:\/\/www.treske.de\/index.php?rest_route=\/wp\/v2\/pages\/3100\/revisions\/3116"}],"up":[{"embeddable":true,"href":"https:\/\/www.treske.de\/index.php?rest_route=\/wp\/v2\/pages\/3094"}],"wp:attachment":[{"href":"https:\/\/www.treske.de\/index.php?rest_route=%2Fwp%2Fv2%2Fmedia&parent=3100"}],"curies":[{"name":"wp","href":"https:\/\/api.w.org\/{rel}","templated":true}]}}