{"id":3104,"date":"2019-09-23T09:32:32","date_gmt":"2019-09-23T07:32:32","guid":{"rendered":"https:\/\/www.treske.de\/?page_id=3104"},"modified":"2019-09-30T12:15:33","modified_gmt":"2019-09-30T10:15:33","slug":"zellkautschuk","status":"publish","type":"page","link":"https:\/\/www.treske.de\/?page_id=3104","title":{"rendered":"Zellkautschuk"},"content":{"rendered":"<p><strong>Zellkautschuk<br \/>\n<\/strong>Zellkautschuk\u00a0ist ein geschlossenzelliges schaumf\u00f6rmigesElastomer, welches unter anderem zum Abdichten, Weichlagern, D\u00e4mmen, Isolieren, Entklappern und Entdr\u00f6hnen verwendet wird.<br \/>\nEs wird in Blockform (z.\u00a0B. 2000 \u00d7 1000 \u00d7 50 mm) hergestellt bzw. gesch\u00e4umt und dann gespaltet auf die ben\u00f6tigte dicke. Die Zellen dieses Schaumes sind nicht untereinander verbunden, der Werkstoff ist somit wasser- und luftdicht.Geliefert wird Zellkautschuk in der Regel ab 2,0 mm in Form von Platten, kundenspezifischen Zuschnitten, Streifen oder Stanzteilen.<br \/>\nErh\u00e4ltlich ist Zellkautschuk in verschiedenen Qualit\u00e4ten; NR, EPDM, CR und NBR.<\/p>\n","protected":false},"excerpt":{"rendered":"<p>Zellkautschuk Zellkautschuk\u00a0ist ein geschlossenzelliges schaumf\u00f6rmigesElastomer, welches unter anderem zum Abdichten, Weichlagern, D\u00e4mmen, Isolieren, Entklappern und Entdr\u00f6hnen verwendet wird. Es wird in Blockform (z.\u00a0B. 2000 \u00d7 1000 \u00d7 50 mm) hergestellt bzw. gesch\u00e4umt und dann gespaltet auf die ben\u00f6tigte dicke. Die Zellen dieses Schaumes sind nicht untereinander verbunden, der Werkstoff ist somit wasser- und luftdicht.Geliefert wird [&hellip;]<\/p>\n","protected":false},"author":6,"featured_media":0,"parent":3094,"menu_order":0,"comment_status":"closed","ping_status":"closed","template":"","meta":{"_genesis_hide_title":false,"_genesis_hide_breadcrumbs":false,"_genesis_hide_singular_image":false,"_genesis_hide_footer_widgets":false,"_genesis_custom_body_class":"","_genesis_custom_post_class":"","_genesis_layout":"","footnotes":""},"class_list":{"0":"post-3104","1":"page","2":"type-page","3":"status-publish","5":"entry"},"_links":{"self":[{"href":"https:\/\/www.treske.de\/index.php?rest_route=\/wp\/v2\/pages\/3104","targetHints":{"allow":["GET"]}}],"collection":[{"href":"https:\/\/www.treske.de\/index.php?rest_route=\/wp\/v2\/pages"}],"about":[{"href":"https:\/\/www.treske.de\/index.php?rest_route=\/wp\/v2\/types\/page"}],"author":[{"embeddable":true,"href":"https:\/\/www.treske.de\/index.php?rest_route=\/wp\/v2\/users\/6"}],"replies":[{"embeddable":true,"href":"https:\/\/www.treske.de\/index.php?rest_route=%2Fwp%2Fv2%2Fcomments&post=3104"}],"version-history":[{"count":4,"href":"https:\/\/www.treske.de\/index.php?rest_route=\/wp\/v2\/pages\/3104\/revisions"}],"predecessor-version":[{"id":3198,"href":"https:\/\/www.treske.de\/index.php?rest_route=\/wp\/v2\/pages\/3104\/revisions\/3198"}],"up":[{"embeddable":true,"href":"https:\/\/www.treske.de\/index.php?rest_route=\/wp\/v2\/pages\/3094"}],"wp:attachment":[{"href":"https:\/\/www.treske.de\/index.php?rest_route=%2Fwp%2Fv2%2Fmedia&parent=3104"}],"curies":[{"name":"wp","href":"https:\/\/api.w.org\/{rel}","templated":true}]}}