{"id":3113,"date":"2019-09-23T11:54:38","date_gmt":"2019-09-23T09:54:38","guid":{"rendered":"https:\/\/www.treske.de\/?page_id=3113"},"modified":"2019-12-06T02:38:45","modified_gmt":"2019-12-06T01:38:45","slug":"wabenmatte","status":"publish","type":"page","link":"https:\/\/www.treske.de\/?page_id=3113","title":{"rendered":"Wabenmatte"},"content":{"rendered":"<p>Gummiwabenmatten sind optimal f\u00fcr den Einsatz als Eingangsmatte sowohl for drinnen als auch drau\u00dfen geeignet.<\/p>\n<p>Sie sind aus abriebfestem Vollgummi und trotzen Wind und Wetter.<\/p>\n<p>Die Gummiwabenmatten gibt es in der Gr\u00f6\u00dfe 1000&#215;1500 mm und 23 mm hoch in schwarz.<\/p>\n<p>Sollten Sie eine gr\u00f6\u00dfere Fl\u00e4che belegen wollen, bieten wir auch Zubeh\u00f6r f\u00fcr Gummi-Wabenmatten an.<\/p>\n<p>Dazu z\u00e4hlen Rundb\u00fcrsten aus Kunstoff in schwarz, blau, gelb, gr\u00fcn, braun,<\/p>\n<p>rot und grau oder auch Verbinder.<\/p>\n<p><img loading=\"lazy\" decoding=\"async\" class=\"size-medium wp-image-2622 aligncenter\" src=\"https:\/\/www.treske.de\/wp-content\/uploads\/gummi-wabenmatte_205.169.40_uwe_kalke-300x234.jpg\" alt=\"\" width=\"300\" height=\"234\" srcset=\"https:\/\/www.treske.de\/wp-content\/uploads\/gummi-wabenmatte_205.169.40_uwe_kalke-300x234.jpg 300w, https:\/\/www.treske.de\/wp-content\/uploads\/gummi-wabenmatte_205.169.40_uwe_kalke.jpg 600w\" sizes=\"auto, (max-width: 300px) 100vw, 300px\" \/><\/p>\n","protected":false},"excerpt":{"rendered":"<p>Gummiwabenmatten sind optimal f\u00fcr den Einsatz als Eingangsmatte sowohl for drinnen als auch drau\u00dfen geeignet. Sie sind aus abriebfestem Vollgummi und trotzen Wind und Wetter. Die Gummiwabenmatten gibt es in der Gr\u00f6\u00dfe 1000&#215;1500 mm und 23 mm hoch in schwarz. Sollten Sie eine gr\u00f6\u00dfere Fl\u00e4che belegen wollen, bieten wir auch Zubeh\u00f6r f\u00fcr Gummi-Wabenmatten an. Dazu [&hellip;]<\/p>\n","protected":false},"author":6,"featured_media":0,"parent":591,"menu_order":0,"comment_status":"closed","ping_status":"closed","template":"","meta":{"_genesis_hide_title":false,"_genesis_hide_breadcrumbs":false,"_genesis_hide_singular_image":false,"_genesis_hide_footer_widgets":false,"_genesis_custom_body_class":"","_genesis_custom_post_class":"","_genesis_layout":"","footnotes":""},"class_list":{"0":"post-3113","1":"page","2":"type-page","3":"status-publish","5":"entry"},"_links":{"self":[{"href":"https:\/\/www.treske.de\/index.php?rest_route=\/wp\/v2\/pages\/3113","targetHints":{"allow":["GET"]}}],"collection":[{"href":"https:\/\/www.treske.de\/index.php?rest_route=\/wp\/v2\/pages"}],"about":[{"href":"https:\/\/www.treske.de\/index.php?rest_route=\/wp\/v2\/types\/page"}],"author":[{"embeddable":true,"href":"https:\/\/www.treske.de\/index.php?rest_route=\/wp\/v2\/users\/6"}],"replies":[{"embeddable":true,"href":"https:\/\/www.treske.de\/index.php?rest_route=%2Fwp%2Fv2%2Fcomments&post=3113"}],"version-history":[{"count":6,"href":"https:\/\/www.treske.de\/index.php?rest_route=\/wp\/v2\/pages\/3113\/revisions"}],"predecessor-version":[{"id":3371,"href":"https:\/\/www.treske.de\/index.php?rest_route=\/wp\/v2\/pages\/3113\/revisions\/3371"}],"up":[{"embeddable":true,"href":"https:\/\/www.treske.de\/index.php?rest_route=\/wp\/v2\/pages\/591"}],"wp:attachment":[{"href":"https:\/\/www.treske.de\/index.php?rest_route=%2Fwp%2Fv2%2Fmedia&parent=3113"}],"curies":[{"name":"wp","href":"https:\/\/api.w.org\/{rel}","templated":true}]}}