{"id":3281,"date":"2019-10-01T10:25:15","date_gmt":"2019-10-01T08:25:15","guid":{"rendered":"https:\/\/www.treske.de\/?page_id=3281"},"modified":"2022-02-17T18:34:16","modified_gmt":"2022-02-17T17:34:16","slug":"formteile-und-spezialartikel","status":"publish","type":"page","link":"https:\/\/www.treske.de\/?page_id=3281","title":{"rendered":"Formteile und Spezialartikel"},"content":{"rendered":"<p>Als Gummi- und Formteile Spezialist k\u00f6nnen wir Ihnen ma\u00dfgeschneiderte L\u00f6sungen zu Ihrem Problem bieten.<\/p>\n<article class=\"type-page status-publish entry has-post-thumbnail post-777 page\">\n<div class=\"entry-content\">\n<p class=\"\">Dabei verf\u00fcgen wir \u00fcber die M\u00f6glichkeiten der<\/p>\n<ul class=\"\">\n<li class=\"\">Wasserstrahltechnik,<\/li>\n<li class=\"\">Schleiftechnik<\/li>\n<li class=\"\">Klebetechnik<\/li>\n<li class=\"\">Dreh- und Fr\u00e4\u00dftechnik<\/li>\n<li class=\"\">Fr\u00e4splotter<\/li>\n<\/ul>\n<p class=\"\">als auch Handarbeiten in unserer Werkstatt.<br class=\"\" \/>Ebenso bieten wir die M\u00f6glichkeit bei gr\u00f6\u00dferen St\u00fcckzahlen nach Formen im Spritzguss- Formpressverfahren zu fertigen, somit k\u00f6nnen wir ein gleichbleibende Qualit\u00e4t garantieren.<\/p>\n<p class=\"\">Dabei ist es ganz egal ob Gummi, Silikon, TPE oder Kunststoffe.<\/p>\n<\/div>\n<\/article>\n","protected":false},"excerpt":{"rendered":"<p>Als Gummi- und Formteile Spezialist k\u00f6nnen wir Ihnen ma\u00dfgeschneiderte L\u00f6sungen zu Ihrem Problem bieten. Dabei verf\u00fcgen wir \u00fcber die M\u00f6glichkeiten der Wasserstrahltechnik, Schleiftechnik Klebetechnik Dreh- und Fr\u00e4\u00dftechnik Fr\u00e4splotter als auch Handarbeiten in unserer Werkstatt.Ebenso bieten wir die M\u00f6glichkeit bei gr\u00f6\u00dferen St\u00fcckzahlen nach Formen im Spritzguss- Formpressverfahren zu fertigen, somit k\u00f6nnen wir ein gleichbleibende Qualit\u00e4t garantieren. [&hellip;]<\/p>\n","protected":false},"author":6,"featured_media":3489,"parent":575,"menu_order":0,"comment_status":"closed","ping_status":"closed","template":"","meta":{"_genesis_hide_title":false,"_genesis_hide_breadcrumbs":false,"_genesis_hide_singular_image":false,"_genesis_hide_footer_widgets":false,"_genesis_custom_body_class":"","_genesis_custom_post_class":"","_genesis_layout":"","footnotes":""},"class_list":{"0":"post-3281","1":"page","2":"type-page","3":"status-publish","4":"has-post-thumbnail","6":"entry"},"_links":{"self":[{"href":"https:\/\/www.treske.de\/index.php?rest_route=\/wp\/v2\/pages\/3281","targetHints":{"allow":["GET"]}}],"collection":[{"href":"https:\/\/www.treske.de\/index.php?rest_route=\/wp\/v2\/pages"}],"about":[{"href":"https:\/\/www.treske.de\/index.php?rest_route=\/wp\/v2\/types\/page"}],"author":[{"embeddable":true,"href":"https:\/\/www.treske.de\/index.php?rest_route=\/wp\/v2\/users\/6"}],"replies":[{"embeddable":true,"href":"https:\/\/www.treske.de\/index.php?rest_route=%2Fwp%2Fv2%2Fcomments&post=3281"}],"version-history":[{"count":6,"href":"https:\/\/www.treske.de\/index.php?rest_route=\/wp\/v2\/pages\/3281\/revisions"}],"predecessor-version":[{"id":4384,"href":"https:\/\/www.treske.de\/index.php?rest_route=\/wp\/v2\/pages\/3281\/revisions\/4384"}],"up":[{"embeddable":true,"href":"https:\/\/www.treske.de\/index.php?rest_route=\/wp\/v2\/pages\/575"}],"wp:featuredmedia":[{"embeddable":true,"href":"https:\/\/www.treske.de\/index.php?rest_route=\/wp\/v2\/media\/3489"}],"wp:attachment":[{"href":"https:\/\/www.treske.de\/index.php?rest_route=%2Fwp%2Fv2%2Fmedia&parent=3281"}],"curies":[{"name":"wp","href":"https:\/\/api.w.org\/{rel}","templated":true}]}}