{"id":585,"date":"2016-06-18T12:13:03","date_gmt":"2016-06-18T10:13:03","guid":{"rendered":"https:\/\/www.treske.de\/?page_id=585"},"modified":"2020-11-14T14:39:35","modified_gmt":"2020-11-14T13:39:35","slug":"kunststoffplatten","status":"publish","type":"page","link":"https:\/\/www.treske.de\/?page_id=585","title":{"rendered":"Kunststoffplatten"},"content":{"rendered":"<p>Polycarbonat (PC, Makrolon \u00ae, transparent)<br \/>\n<img loading=\"lazy\" decoding=\"async\" class=\"alignnone size-full wp-image-2911\" src=\"https:\/\/www.treske.de\/wp-content\/uploads\/Polycarbonat.jpg\" alt=\"\" width=\"249\" height=\"203\" \/><\/p>\n<h2 id=\"tablepress-92-name\" class=\"tablepress-table-name tablepress-table-name-id-92\">Polycarbonat (PC, Makrolon)<\/h2>\n\n<table id=\"tablepress-92\" class=\"tablepress tablepress-id-92 tbody-has-connected-cells\" aria-labelledby=\"tablepress-92-name\" aria-describedby=\"tablepress-92-description\">\n<tbody class=\"row-striping row-hover\">\n<tr class=\"row-1\">\n\t<td class=\"column-1\"><\/td><td class=\"column-2\"><\/td><td class=\"column-3\"><\/td>\n<\/tr>\n<tr class=\"row-2\">\n\t<td class=\"column-1\">Artikel-Nr. <\/td><td class=\"column-2\">St\u00e4rke in mm<\/td><td class=\"column-3\">Format<\/td>\n<\/tr>\n<tr class=\"row-3\">\n\t<td class=\"column-1\">140010<br \/>\n<\/td><td class=\"column-2\">1<\/td><td rowspan=\"8\" class=\"column-3\"><font size=\"5\">2050 x 1250 mm<\/font><\/td>\n<\/tr>\n<tr class=\"row-4\">\n\t<td class=\"column-1\">140020<br \/>\n<\/td><td class=\"column-2\">2<\/td>\n<\/tr>\n<tr class=\"row-5\">\n\t<td class=\"column-1\">140030<br \/>\n<\/td><td class=\"column-2\">3<\/td>\n<\/tr>\n<tr class=\"row-6\">\n\t<td class=\"column-1\">140040<br \/>\n<\/td><td class=\"column-2\">4<\/td>\n<\/tr>\n<tr class=\"row-7\">\n\t<td class=\"column-1\">140050<br \/>\n<\/td><td class=\"column-2\">5<\/td>\n<\/tr>\n<tr class=\"row-8\">\n\t<td class=\"column-1\">140060<br \/>\n<\/td><td class=\"column-2\">6<\/td>\n<\/tr>\n<tr class=\"row-9\">\n\t<td class=\"column-1\">140080<br \/>\n<\/td><td class=\"column-2\">8<\/td>\n<\/tr>\n<tr class=\"row-10\">\n\t<td class=\"column-1\">140100<br \/>\n<\/td><td class=\"column-2\">10<\/td>\n<\/tr>\n<\/tbody>\n<\/table>\n<span id=\"tablepress-92-description\" class=\"tablepress-table-description tablepress-table-description-id-92\">Eigenschaften:<br \/>\nLichtdurchl\u00e4ssig,schlagfest, glasklar,nur f\u00fcr Innenbereich.<br \/>\nPC f\u00fcr den Au\u00dfenbereich und andere Qualit\u00e4ten wie PE, POM, PP bitte anfragen!<br \/>\n<br \/>\n<\/span>\n<!-- #tablepress-92 from cache -->\n<h2 id=\"tablepress-93-name\" class=\"tablepress-table-name tablepress-table-name-id-93\">Vulkollan\u00ae und Polyurethan<\/h2>\n\n<table id=\"tablepress-93\" class=\"tablepress tablepress-id-93\" aria-labelledby=\"tablepress-93-name\" aria-describedby=\"tablepress-93-description\">\n<tbody class=\"row-striping row-hover\">\n<tr class=\"row-1\">\n\t<td class=\"column-1\"><\/td><td class=\"column-2\"><\/td><td class=\"column-3\"><\/td><td class=\"column-4\"><\/td>\n<\/tr>\n<tr class=\"row-2\">\n\t<td class=\"column-1\">St\u00e4rke in mm<\/td><td class=\"column-2\">Vulkollan\u00ae<br \/>\n70\u00b0 \/ 80\u00b0 Sh<\/td><td class=\"column-3\">Vulkollan\u00ae<br \/>\n90\u00b0 Sh<\/td><td class=\"column-4\">Polyurethan<br \/>\n65\u00b0\/75\u00b0\/90\u00b0 Sh<\/td>\n<\/tr>\n<tr class=\"row-3\">\n\t<td class=\"column-1\">1<\/td><td class=\"column-2\">150010<\/td><td class=\"column-3\">152010<\/td><td class=\"column-4\">151010<\/td>\n<\/tr>\n<tr class=\"row-4\">\n\t<td class=\"column-1\">2<\/td><td class=\"column-2\">150020<\/td><td class=\"column-3\">152020<\/td><td class=\"column-4\">151020<\/td>\n<\/tr>\n<tr class=\"row-5\">\n\t<td class=\"column-1\">3<\/td><td class=\"column-2\">150030<\/td><td class=\"column-3\">152030<\/td><td class=\"column-4\">152030<\/td>\n<\/tr>\n<tr class=\"row-6\">\n\t<td class=\"column-1\">4<\/td><td class=\"column-2\">150040<\/td><td class=\"column-3\">152040<\/td><td class=\"column-4\">152040<\/td>\n<\/tr>\n<tr class=\"row-7\">\n\t<td class=\"column-1\">5<\/td><td class=\"column-2\">150050<\/td><td class=\"column-3\">152050<\/td><td class=\"column-4\">152050<\/td>\n<\/tr>\n<tr class=\"row-8\">\n\t<td class=\"column-1\">6<\/td><td class=\"column-2\">150060<\/td><td class=\"column-3\">152060<\/td><td class=\"column-4\">152060<\/td>\n<\/tr>\n<tr class=\"row-9\">\n\t<td class=\"column-1\">8<\/td><td class=\"column-2\">150080<\/td><td class=\"column-3\">152080<\/td><td class=\"column-4\">152060<\/td>\n<\/tr>\n<tr class=\"row-10\">\n\t<td class=\"column-1\">10<\/td><td class=\"column-2\">150100<\/td><td class=\"column-3\">152100<\/td><td class=\"column-4\">152100<\/td>\n<\/tr>\n<tr class=\"row-11\">\n\t<td class=\"column-1\">12<\/td><td class=\"column-2\">150120<\/td><td class=\"column-3\">152120<\/td><td class=\"column-4\">152120<\/td>\n<\/tr>\n<tr class=\"row-12\">\n\t<td class=\"column-1\">15<\/td><td class=\"column-2\">150150<\/td><td class=\"column-3\">152150<\/td><td class=\"column-4\">152150<\/td>\n<\/tr>\n<tr class=\"row-13\">\n\t<td class=\"column-1\">20<\/td><td class=\"column-2\">150200<\/td><td class=\"column-3\">152200<\/td><td class=\"column-4\">152200<\/td>\n<\/tr>\n<\/tbody>\n<\/table>\n<span id=\"tablepress-93-description\" class=\"tablepress-table-description tablepress-table-description-id-93\">Eigenschaften:<br \/>\nSehr hohe Abriebfestigkeit, gute Alterungs- u. Witterungsbest\u00e4ndigkeit,<br \/>\nhohe Weiterrei\u00dffestigkeit,schwingungsd\u00e4mpfend,<br \/>\nbest\u00e4ndig gegen \u00d6l, Fett,Benzin, Ozon und Stickstoff.<br \/>\nFormat:2000 x 1000 mm.<br \/>\n<br \/>\nWeitere St\u00e4rken sowie Zuschnitte, Streifen und Dichtungen bitte anfragen!<br \/>\nVulkollan ist in seinen mechanischen Eigenschaften dem Polyurethan \u00fcberlegen.<br \/>\nBeide Materialien k\u00f6nnen mechanisch bearbeitet werden!<br \/>\nEbenfalls lieferbar: Rundst\u00e4be, Rohre, Gie\u00dfteile, Hohlfedern.<br \/>\n<br \/>\n<br \/>\n<\/span>\n<!-- #tablepress-93 from cache -->\n<h2 id=\"tablepress-94-name\" class=\"tablepress-table-name tablepress-table-name-id-94\">Weich-PVC Pendelt\u00fcrplatte<\/h2>\n\n<table id=\"tablepress-94\" class=\"tablepress tablepress-id-94 tbody-has-connected-cells\" aria-labelledby=\"tablepress-94-name\" aria-describedby=\"tablepress-94-description\">\n<tbody class=\"row-striping row-hover\">\n<tr class=\"row-1\">\n\t<td class=\"column-1\"><\/td><td class=\"column-2\"><\/td><td class=\"column-3\"><\/td>\n<\/tr>\n<tr class=\"row-2\">\n\t<td class=\"column-1\">Artikel-Nr.<\/td><td class=\"column-2\">St\u00e4rke in mm<\/td><td class=\"column-3\">Format<\/td>\n<\/tr>\n<tr class=\"row-3\">\n\t<td class=\"column-1\">180020<br \/>\n<\/td><td class=\"column-2\">2<\/td><td rowspan=\"6\" class=\"column-3\"><font size=\"5\">1000 mm Standartbreite,<br \/>\nlieferbar bis 2200 <font size=\"5\">mm<br \/>\nBreite ohne Schwei\u00dfnaht<\/td>\n<\/tr>\n<tr class=\"row-4\">\n\t<td class=\"column-1\">180030<br \/>\n<\/td><td class=\"column-2\">3<\/td>\n<\/tr>\n<tr class=\"row-5\">\n\t<td class=\"column-1\">180040<br \/>\n<\/td><td class=\"column-2\">4<\/td>\n<\/tr>\n<tr class=\"row-6\">\n\t<td class=\"column-1\">180050<br \/>\n<\/td><td class=\"column-2\">5<\/td>\n<\/tr>\n<tr class=\"row-7\">\n\t<td class=\"column-1\">180070<br \/>\n<\/td><td class=\"column-2\">7<\/td>\n<\/tr>\n<tr class=\"row-8\">\n\t<td class=\"column-1\">180100<br \/>\n<\/td><td class=\"column-2\">10<\/td>\n<\/tr>\n<\/tbody>\n<\/table>\n<span id=\"tablepress-94-description\" class=\"tablepress-table-description tablepress-table-description-id-94\">Eigenschaften:<br \/>\n79 \u00b1 3\u00b0 Shore,helltransparent,Normalqualit\u00e4t,<br \/>\nUV- und alterungsbest\u00e4ndig,spez. Gewicht 1,22 g\/cm\u00b3.<br \/>\n<br \/>\n<br \/>\n<\/span>\n<!-- #tablepress-94 from cache -->\n<h2 id=\"tablepress-95-name\" class=\"tablepress-table-name tablepress-table-name-id-95\">Weich-PVC Streifen<\/h2>\n\n<table id=\"tablepress-95\" class=\"tablepress tablepress-id-95 tbody-has-connected-cells\" aria-labelledby=\"tablepress-95-name\" aria-describedby=\"tablepress-95-description\">\n<tbody class=\"row-striping row-hover\">\n<tr class=\"row-1\">\n\t<td class=\"column-1\"><\/td><td class=\"column-2\"><\/td><td class=\"column-3\"><\/td>\n<\/tr>\n<tr class=\"row-2\">\n\t<td class=\"column-1\">Artikel-Nr.<\/td><td class=\"column-2\">St\u00e4rke in mm<\/td><td class=\"column-3\">Format<\/td>\n<\/tr>\n<tr class=\"row-3\">\n\t<td class=\"column-1\">185220<br \/>\n<\/td><td class=\"column-2\">2<\/td><td rowspan=\"2\" class=\"column-3\"><font size=\"5\">200 mm breit (andere Breiten auf Anfrage)<\/font><br \/>\n<\/td>\n<\/tr>\n<tr class=\"row-4\">\n\t<td class=\"column-1\">185230<br \/>\n<\/td><td class=\"column-2\">3<\/td>\n<\/tr>\n<tr class=\"row-5\">\n\t<td class=\"column-1\">185330<br \/>\n<\/td><td class=\"column-2\">3<\/td><td rowspan=\"2\" class=\"column-3\"><font size=\"5\">300 mm breit (andere Breiten auf Anfrage)<\/font><br \/>\n<\/td>\n<\/tr>\n<tr class=\"row-6\">\n\t<td class=\"column-1\">185350<br \/>\n<\/td><td class=\"column-2\">5<\/td>\n<\/tr>\n<tr class=\"row-7\">\n\t<td class=\"column-1\">185430<br \/>\n<\/td><td class=\"column-2\">3<\/td><td rowspan=\"3\" class=\"column-3\"><font size=\"5\">400 mm breit (andere Breiten auf Anfrage)<\/font><\/td>\n<\/tr>\n<tr class=\"row-8\">\n\t<td class=\"column-1\">185440<br \/>\n<\/td><td class=\"column-2\">4<\/td>\n<\/tr>\n<tr class=\"row-9\">\n\t<td class=\"column-1\"> 185450<br \/>\n<\/td><td class=\"column-2\">5<\/td>\n<\/tr>\n<tr class=\"row-10\">\n\t<td class=\"column-1\"> 192466<\/td><td class=\"column-2\">2<\/td><td class=\"column-3\"><font size=\"5\">300 mm breit (schwarz-gr\u00fcn nach DIN 4102 B2)<\/font><\/td>\n<\/tr>\n<\/tbody>\n<\/table>\n<span id=\"tablepress-95-description\" class=\"tablepress-table-description tablepress-table-description-id-95\">Eigenschaften:<br \/>\n79\u00b0 Shore,helltransparent,<br \/>\nUV- und alterungsbest\u00e4ndig,mit abgerundeten Kanten.<br \/>\nTemperaturbest\u00e4ndigkeit:- 35 bis + 60\u00b0C.<\/span>\n<!-- #tablepress-95 from cache -->\n","protected":false},"excerpt":{"rendered":"<p>Polycarbonat (PC, Makrolon \u00ae, transparent)<\/p>\n","protected":false},"author":6,"featured_media":0,"parent":577,"menu_order":2,"comment_status":"closed","ping_status":"closed","template":"","meta":{"_genesis_hide_title":false,"_genesis_hide_breadcrumbs":false,"_genesis_hide_singular_image":false,"_genesis_hide_footer_widgets":false,"_genesis_custom_body_class":"","_genesis_custom_post_class":"","_genesis_layout":"","footnotes":""},"class_list":{"0":"post-585","1":"page","2":"type-page","3":"status-publish","5":"entry"},"_links":{"self":[{"href":"https:\/\/www.treske.de\/index.php?rest_route=\/wp\/v2\/pages\/585","targetHints":{"allow":["GET"]}}],"collection":[{"href":"https:\/\/www.treske.de\/index.php?rest_route=\/wp\/v2\/pages"}],"about":[{"href":"https:\/\/www.treske.de\/index.php?rest_route=\/wp\/v2\/types\/page"}],"author":[{"embeddable":true,"href":"https:\/\/www.treske.de\/index.php?rest_route=\/wp\/v2\/users\/6"}],"replies":[{"embeddable":true,"href":"https:\/\/www.treske.de\/index.php?rest_route=%2Fwp%2Fv2%2Fcomments&post=585"}],"version-history":[{"count":9,"href":"https:\/\/www.treske.de\/index.php?rest_route=\/wp\/v2\/pages\/585\/revisions"}],"predecessor-version":[{"id":4144,"href":"https:\/\/www.treske.de\/index.php?rest_route=\/wp\/v2\/pages\/585\/revisions\/4144"}],"up":[{"embeddable":true,"href":"https:\/\/www.treske.de\/index.php?rest_route=\/wp\/v2\/pages\/577"}],"wp:attachment":[{"href":"https:\/\/www.treske.de\/index.php?rest_route=%2Fwp%2Fv2%2Fmedia&parent=585"}],"curies":[{"name":"wp","href":"https:\/\/api.w.org\/{rel}","templated":true}]}}