{"id":621,"date":"2016-06-18T18:35:19","date_gmt":"2016-06-18T16:35:19","guid":{"rendered":"https:\/\/www.treske.de\/?page_id=621"},"modified":"2019-12-19T12:24:45","modified_gmt":"2019-12-19T11:24:45","slug":"willkommen-bei-der-karl-treske-gmbh","status":"publish","type":"page","link":"https:\/\/www.treske.de\/","title":{"rendered":"Willkommen bei der Karl Treske GmbH"},"content":{"rendered":"<p>Seit mehr als 100 Jahren stehen wir im Dienste unserer Kunden.<br \/>\nUnser Wissen, unsere Beratung und schnelle L\u00f6sungsvorschl\u00e4ge sind unsere St\u00e4rken, zu Ihrem Vorteil. Wir bieten Ihnen<br \/>\nQualit\u00e4t und Service zu g\u00fcnstigen Preisen.<\/p>\n<p>Die Karl Treske GmbH Berlin ist im<\/p>\n<p><img loading=\"lazy\" decoding=\"async\" class=\"alignnone size-full wp-image-2937\" src=\"https:\/\/www.treske.de\/wp-content\/uploads\/Verband-Technischer-Handel-2.jpg\" alt=\"\" width=\"185\" height=\"155\" \/><\/p>\n","protected":false},"excerpt":{"rendered":"<p>Seit mehr als 100 Jahren stehen wir im Dienste unserer Kunden. Unser Wissen, unsere Beratung und schnelle L\u00f6sungsvorschl\u00e4ge sind unsere St\u00e4rken, zu Ihrem Vorteil. Wir bieten Ihnen Qualit\u00e4t und Service zu g\u00fcnstigen Preisen. Die Karl Treske GmbH Berlin ist im<\/p>\n","protected":false},"author":6,"featured_media":0,"parent":0,"menu_order":0,"comment_status":"closed","ping_status":"closed","template":"","meta":{"_genesis_hide_title":false,"_genesis_hide_breadcrumbs":false,"_genesis_hide_singular_image":false,"_genesis_hide_footer_widgets":false,"_genesis_custom_body_class":"","_genesis_custom_post_class":"","_genesis_layout":"","footnotes":""},"class_list":{"0":"post-621","1":"page","2":"type-page","3":"status-publish","5":"entry"},"_links":{"self":[{"href":"https:\/\/www.treske.de\/index.php?rest_route=\/wp\/v2\/pages\/621","targetHints":{"allow":["GET"]}}],"collection":[{"href":"https:\/\/www.treske.de\/index.php?rest_route=\/wp\/v2\/pages"}],"about":[{"href":"https:\/\/www.treske.de\/index.php?rest_route=\/wp\/v2\/types\/page"}],"author":[{"embeddable":true,"href":"https:\/\/www.treske.de\/index.php?rest_route=\/wp\/v2\/users\/6"}],"replies":[{"embeddable":true,"href":"https:\/\/www.treske.de\/index.php?rest_route=%2Fwp%2Fv2%2Fcomments&post=621"}],"version-history":[{"count":6,"href":"https:\/\/www.treske.de\/index.php?rest_route=\/wp\/v2\/pages\/621\/revisions"}],"predecessor-version":[{"id":3551,"href":"https:\/\/www.treske.de\/index.php?rest_route=\/wp\/v2\/pages\/621\/revisions\/3551"}],"wp:attachment":[{"href":"https:\/\/www.treske.de\/index.php?rest_route=%2Fwp%2Fv2%2Fmedia&parent=621"}],"curies":[{"name":"wp","href":"https:\/\/api.w.org\/{rel}","templated":true}]}}