{"id":625,"date":"2016-06-18T19:12:13","date_gmt":"2016-06-18T17:12:13","guid":{"rendered":"https:\/\/www.treske.de\/?page_id=625"},"modified":"2019-05-30T10:44:18","modified_gmt":"2019-05-30T08:44:18","slug":"profile","status":"publish","type":"page","link":"https:\/\/www.treske.de\/?page_id=625","title":{"rendered":"Gummi- und Kunststoffprofile"},"content":{"rendered":"<p>Wir bieten zahlreiche Profile lagerm\u00e4\u00dfig an.<\/p>\n<p>Zus\u00e4tzlich zu den den unten aufgef\u00fchrten Profilen, bieten wir auf Anfrage TPE, Silikon und Kunststoffprofile an.<\/p>\n<p>Bei den abgebildeten Profilen handelt es sich lediglich um eine geringe Auswahl unseren Sortiments.<br \/>\nSenden Sie uns bitte Muster oder Zeichnungen zu.<\/p>\n<p>Wir beraten Sie gerne ausf\u00fchrlich.<\/p>\n","protected":false},"excerpt":{"rendered":"<p>Wir bieten zahlreiche Profile lagerm\u00e4\u00dfig an. Zus\u00e4tzlich zu den den unten aufgef\u00fchrten Profilen, bieten wir auf Anfrage TPE, Silikon und Kunststoffprofile an. Bei den abgebildeten Profilen handelt es sich lediglich um eine geringe Auswahl unseren Sortiments. Senden Sie uns bitte Muster oder Zeichnungen zu. Wir beraten Sie gerne ausf\u00fchrlich.<\/p>\n","protected":false},"author":6,"featured_media":1744,"parent":575,"menu_order":0,"comment_status":"closed","ping_status":"closed","template":"page_products_imageless.php","meta":{"_genesis_hide_title":false,"_genesis_hide_breadcrumbs":false,"_genesis_hide_singular_image":false,"_genesis_hide_footer_widgets":false,"_genesis_custom_body_class":"","_genesis_custom_post_class":"","_genesis_layout":"","footnotes":""},"class_list":{"0":"post-625","1":"page","2":"type-page","3":"status-publish","4":"has-post-thumbnail","6":"entry"},"_links":{"self":[{"href":"https:\/\/www.treske.de\/index.php?rest_route=\/wp\/v2\/pages\/625","targetHints":{"allow":["GET"]}}],"collection":[{"href":"https:\/\/www.treske.de\/index.php?rest_route=\/wp\/v2\/pages"}],"about":[{"href":"https:\/\/www.treske.de\/index.php?rest_route=\/wp\/v2\/types\/page"}],"author":[{"embeddable":true,"href":"https:\/\/www.treske.de\/index.php?rest_route=\/wp\/v2\/users\/6"}],"replies":[{"embeddable":true,"href":"https:\/\/www.treske.de\/index.php?rest_route=%2Fwp%2Fv2%2Fcomments&post=625"}],"version-history":[{"count":10,"href":"https:\/\/www.treske.de\/index.php?rest_route=\/wp\/v2\/pages\/625\/revisions"}],"predecessor-version":[{"id":3016,"href":"https:\/\/www.treske.de\/index.php?rest_route=\/wp\/v2\/pages\/625\/revisions\/3016"}],"up":[{"embeddable":true,"href":"https:\/\/www.treske.de\/index.php?rest_route=\/wp\/v2\/pages\/575"}],"wp:featuredmedia":[{"embeddable":true,"href":"https:\/\/www.treske.de\/index.php?rest_route=\/wp\/v2\/media\/1744"}],"wp:attachment":[{"href":"https:\/\/www.treske.de\/index.php?rest_route=%2Fwp%2Fv2%2Fmedia&parent=625"}],"curies":[{"name":"wp","href":"https:\/\/api.w.org\/{rel}","templated":true}]}}